{"id":42,"date":"2018-04-30T15:17:50","date_gmt":"2018-04-30T13:17:50","guid":{"rendered":"https:\/\/lr3lcbfabp.preview.infomaniak.website\/?page_id=42"},"modified":"2020-12-03T11:08:32","modified_gmt":"2020-12-03T10:08:32","slug":"legal-notices","status":"publish","type":"page","link":"https:\/\/alpe-huez-location.com\/en\/legal-notices\/","title":{"rendered":"Legal notices"},"content":{"rendered":"<h2>Pr\u00e9sentation g\u00e9n\u00e9rale<\/h2>\n<p>Ce site est \u00e9dit\u00e9 par : Les Gentianes<br \/>\nEURL Les Gentianes au captial de 10 000\u20ac<br \/>\nRCS : B402.848.485<br \/>\n299 Avenue de Brandes<br \/>\n38750 Alpe d&#8217;Huez<br \/>\nT\u00e9l : +33 (0)4 76 80 35 76<br \/>\nSite web : www.alpe-huez-location.com<br \/>\nDirecteur de publication : Guylaine SERRAT<br \/>\nR\u00e9alisation et h\u00e9bergement : MicroSystem \u2013 184, route des B\u00e9thanies \u2013 38430 MOIRANS &#8211;\u00a0<a href=\"http:\/\/www.microsystem.fr\/\" target=\"_blank\" rel=\"noopener noreferrer\">www.microsystem.fr<\/a><\/p>\n<h2>Introduction<\/h2>\n<p>En acc\u00e9dant et en navigant sur ce site, vous \u00eates inform\u00e9s de vos droits et obligations et vous acceptez pleinement de vous conformer aux pr\u00e9sentes conditions d&#8217;utilisation du site. Ces conditions peuvent \u00eatre mises \u00e0 jour depuis votre derni\u00e8re connexion au site. Vous \u00eates donc invit\u00e9s \u00e0 consulter cette page \u00e0 l&#8217;occasion de chaque connexion au site.<\/p>\n<h2 class=\"alignLeft\">Droit de la propri\u00e9t\u00e9 intellectuelle<\/h2>\n<p>En acc\u00e9dant au site www.alpe-huez-location.com , vous acceptez de vous conformer au Code de la Propri\u00e9t\u00e9 Intellectuelle Fran\u00e7ais et plus g\u00e9n\u00e9ralement aux trait\u00e9s et accords internationaux comportant des dispositions relatives \u00e0 la protection des droits d&#8217;auteur, de cr\u00e9ations et mod\u00e8les et\/ou de marques. C&#8217;est ainsi que vous vous interdisez de reproduire ou repr\u00e9senter, int\u00e9gralement ou partiellement, les donn\u00e9es, articles, photos, illustrations, logo \u2026 qui figurent sur le site par quelque proc\u00e9d\u00e9 ou support que ce soit, sans autorisation \u00e9crite particuli\u00e8re et pr\u00e9alable de Les Gentianes. Le non respect de ces droits d&#8217;auteur est un d\u00e9lit de contrefa\u00e7on sanctionn\u00e9 par l&#8217;article L 335-2 du code de la Propri\u00e9t\u00e9 Intellectuelle. Vous avez la possibilit\u00e9 de copier des articles publi\u00e9s sur notre site dans certains cas limitativement pr\u00e9vus : l&#8217;usage \u00e0 but non lucratif et\/ou informationnel. Prenez le soin de citer vos sources et le nom de l&#8217;auteur s&#8217;il est indiqu\u00e9.<\/p>\n<h2>Responsabilit\u00e9<\/h2>\n<p>Les Gentianes ne saurait \u00eatre tenue pour responsable de tous dommages ou pertes av\u00e9r\u00e9s ou all\u00e9gu\u00e9s cons\u00e9cutifs ou en relation avec l&#8217;utilisation ou avec le fait d&#8217;avoir fait confiance au contenu, \u00e0 des biens ou des services disponibles sur ces sites ou sources externes ou encore en raison de la pr\u00e9sence d&#8217;un virus, cheval de Troie ou autre parasite de nature intrusive ou destructive sur ces sites ou sources externes. Les \u00e9ventuels liens hypertextes pr\u00e9sents sur le site www.alpe-huez-location.com et aiguillant les utilisateurs vers d&#8217;autres sites n&#8217;engagent pas la responsabilit\u00e9 de La Gentianes. Pour nous informer des \u00e9ventuelles erreurs ou nous faire part de vos remarques concernant le fonctionnement du site, vous pouvez nous contacter par t\u00e9l\u00e9phone ou via le formulaire de contact.<\/p>\n<h2>Confidentialit\u00e9 des informations transmises<\/h2>\n<p>Les messages transmis \u00e0 Les Gentianes par l&#8217;interm\u00e9diaire du r\u00e9seau Internet peuvent \u00eatre intercept\u00e9s sur ledit r\u00e9seau. Jusqu&#8217;\u00e0 ce qu&#8217;ils parviennent sur le site, leur confidentialit\u00e9 ne peut \u00eatre garantie. Il est donc recommand\u00e9 aux visiteurs du site www.alpe-huez-location.com de s&#8217;assurer de ne pas divulguer d&#8217;informations personnelles inutiles ou sensibles. Les informations que vous nous communiquez par e-mail ou par formulaire, sont enregistr\u00e9es exclusivement par Les Gentianes. Nous nous s&#8217;engageons \u00e0 ne pas c\u00e9der \u00e0 des tiers et \u00e0 ne pas utiliser les informations personnelles que les visiteurs pourraient lui fournir \u00e0 des fins non pr\u00e9vues. Vous disposez d&#8217;un droit d&#8217;acc\u00e8s, de modification, de rectification et suppression concernant vos donn\u00e9es dans les conditions pr\u00e9vues par art 34 de la loi du 6 janvier 1978 relative \u00e0 l&#8217;informatique, aux fichiers et aux libert\u00e9s. Pour l&#8217;exercer, adressez vous \u00e0 Les Gentianes \u2013 avenue de Brandes \u2013 38750 Alpes d\u2019Huez. Les informations ainsi fournies par les internautes seront consid\u00e9r\u00e9es comme confidentielles et devront \u00eatre exactes, actuelles, licites et ne pas nuire aux int\u00e9r\u00eats des tiers. Ce site n\u2019a pas fait l&#8217;objet d&#8217;une d\u00e9claration aupr\u00e8s de la Commission Nationale de l&#8217;Informatique et des Libert\u00e9s.<\/p>\n","protected":false},"excerpt":{"rendered":"<p>Pr\u00e9sentation g\u00e9n\u00e9rale Ce site est \u00e9dit\u00e9 par : Les Gentianes EURL Les Gentianes au captial de 10 000\u20ac RCS : B402.848.485 299 Avenue de Brandes 38750 Alpe d&#8217;Huez T\u00e9l : +33 (0)4 76 80 35 76 Site web : www.alpe-huez-location.com Directeur de publication : Guylaine SERRAT R\u00e9alisation et h\u00e9bergement : MicroSystem \u2013 184, route des&#8230; <\/p>\n<div class=\"clear\"><\/div>\n<p><a href=\"https:\/\/alpe-huez-location.com\/en\/legal-notices\/\" class=\"excerpt-read-more\">Continue Reading<i class=\"fa fa-long-arrow-right icon-long-arrow-right\"><\/i><\/a><\/p>\n","protected":false},"author":1,"featured_media":0,"parent":0,"menu_order":0,"comment_status":"closed","ping_status":"closed","template":"","meta":[],"yoast_head":"<!-- This site is optimized with the Yoast SEO plugin v15.4 - https:\/\/yoast.com\/wordpress\/plugins\/seo\/ -->\n<title>Legal notices | Rental Alpe d&#039;Huez Les Gentianes<\/title>\n<meta name=\"description\" content=\"Legal notices to website alpe-huez-location.com\" \/>\n<meta name=\"robots\" content=\"index, follow, max-snippet:-1, max-image-preview:large, max-video-preview:-1\" \/>\n<link rel=\"canonical\" href=\"https:\/\/alpe-huez-location.com\/en\/legal-notices\/\" \/>\n<meta property=\"og:locale\" content=\"en_US\" \/>\n<meta property=\"og:type\" content=\"article\" \/>\n<meta property=\"og:title\" content=\"Legal notices | Rental Alpe d&#039;Huez Les Gentianes\" \/>\n<meta property=\"og:description\" content=\"Legal notices to website alpe-huez-location.com\" \/>\n<meta property=\"og:url\" content=\"https:\/\/alpe-huez-location.com\/en\/legal-notices\/\" \/>\n<meta property=\"og:site_name\" content=\"H\u00f4tel Alpe d&#039;Huez Les Gentianes\" \/>\n<meta property=\"article:modified_time\" content=\"2020-12-03T10:08:32+00:00\" \/>\n<meta name=\"twitter:card\" content=\"summary_large_image\" \/>\n<meta name=\"twitter:label1\" content=\"Written by\">\n\t<meta name=\"twitter:data1\" content=\"manubass\">\n\t<meta name=\"twitter:label2\" content=\"Est. reading time\">\n\t<meta name=\"twitter:data2\" content=\"2 minutes\">\n<script type=\"application\/ld+json\" class=\"yoast-schema-graph\">{\"@context\":\"https:\/\/schema.org\",\"@graph\":[{\"@type\":\"WebSite\",\"@id\":\"https:\/\/alpe-huez-location.com\/#website\",\"url\":\"https:\/\/alpe-huez-location.com\/\",\"name\":\"H\\u00f4tel Alpe d&#039;Huez Les Gentianes\",\"description\":\"\",\"potentialAction\":[{\"@type\":\"SearchAction\",\"target\":\"https:\/\/alpe-huez-location.com\/?s={search_term_string}\",\"query-input\":\"required name=search_term_string\"}],\"inLanguage\":\"en-US\"},{\"@type\":\"WebPage\",\"@id\":\"https:\/\/alpe-huez-location.com\/en\/legal-notices\/#webpage\",\"url\":\"https:\/\/alpe-huez-location.com\/en\/legal-notices\/\",\"name\":\"Legal notices | Rental Alpe d'Huez Les Gentianes\",\"isPartOf\":{\"@id\":\"https:\/\/alpe-huez-location.com\/#website\"},\"datePublished\":\"2018-04-30T13:17:50+00:00\",\"dateModified\":\"2020-12-03T10:08:32+00:00\",\"description\":\"Legal notices to website alpe-huez-location.com\",\"inLanguage\":\"en-US\",\"potentialAction\":[{\"@type\":\"ReadAction\",\"target\":[\"https:\/\/alpe-huez-location.com\/en\/legal-notices\/\"]}]}]}<\/script>\n<!-- \/ Yoast SEO plugin. -->","_links":{"self":[{"href":"https:\/\/alpe-huez-location.com\/en\/wp-json\/wp\/v2\/pages\/42"}],"collection":[{"href":"https:\/\/alpe-huez-location.com\/en\/wp-json\/wp\/v2\/pages"}],"about":[{"href":"https:\/\/alpe-huez-location.com\/en\/wp-json\/wp\/v2\/types\/page"}],"author":[{"embeddable":true,"href":"https:\/\/alpe-huez-location.com\/en\/wp-json\/wp\/v2\/users\/1"}],"replies":[{"embeddable":true,"href":"https:\/\/alpe-huez-location.com\/en\/wp-json\/wp\/v2\/comments?post=42"}],"version-history":[{"count":1,"href":"https:\/\/alpe-huez-location.com\/en\/wp-json\/wp\/v2\/pages\/42\/revisions"}],"predecessor-version":[{"id":796,"href":"https:\/\/alpe-huez-location.com\/en\/wp-json\/wp\/v2\/pages\/42\/revisions\/796"}],"wp:attachment":[{"href":"https:\/\/alpe-huez-location.com\/en\/wp-json\/wp\/v2\/media?parent=42"}],"curies":[{"name":"wp","href":"https:\/\/api.w.org\/{rel}","templated":true}]}}